{"id":2661,"date":"2021-04-28T09:27:13","date_gmt":"2021-04-28T07:27:13","guid":{"rendered":"https:\/\/www.cma.be\/?page_id=2661"},"modified":"2021-07-16T09:47:24","modified_gmt":"2021-07-16T07:47:24","slug":"mysupport","status":"publish","type":"page","link":"https:\/\/www.cma.be\/fr\/medecin\/mylab-prise-en-charge\/mysupport\/","title":{"rendered":"MySupport"},"content":{"rendered":"<div class=\"wpb-content-wrapper\"><p>[vc_row full_width=&#8221;stretch_row&#8221; css=&#8221;.vc_custom_1626421640143{padding-top: 10% !important;padding-bottom: 10% !important;background-image: url(https:\/\/www.cma.be\/wp-content\/uploads\/sites\/2\/2021\/07\/Medina-MyLab-1.jpg?id=19137) !important;background-position: center !important;background-repeat: no-repeat !important;background-size: cover !important;}&#8221; el_class=&#8221;header-bg&#8221;][vc_column][\/vc_column][\/vc_row][vc_row][vc_column width=&#8221;1\/4&#8243; css=&#8221;.vc_custom_1613485674609{padding-top: 20px !important;}&#8221;][\/vc_column][vc_column width=&#8221;3\/4&#8243; css=&#8221;.vc_custom_1613485670954{padding-top: 20px !important;}&#8221;][vc_column_text css=&#8221;.vc_custom_1613487487375{margin-bottom: 20px !important;}&#8221;][show-breadcrumbs][\/vc_column_text][\/vc_column][\/vc_row][vc_row css=&#8221;.vc_custom_1614162013820{margin-bottom: 35px !important;padding-bottom: 4% !important;}&#8221;][vc_column width=&#8221;1\/4&#8243; css=&#8221;.vc_custom_1613052450674{padding-right: 6% !important;}&#8221;][vc_widget_sidebar sidebar_id=&#8221;sidebar-artsen&#8221;][\/vc_column][vc_column width=&#8221;3\/4&#8243;][vc_row_inner css=&#8221;.vc_custom_1613485985226{margin-bottom: 10px !important;}&#8221;][vc_column_inner][vc_custom_heading text=&#8221;MYSUPPORT&#8221; font_container=&#8221;tag:h1|text_align:left&#8221; use_theme_fonts=&#8221;yes&#8221; css=&#8221;.vc_custom_1614162290399{margin-top: 12px !important;}&#8221;][\/vc_column_inner][\/vc_row_inner][vc_row_inner css=&#8221;.vc_custom_1613054576443{margin-bottom: 0px !important;}&#8221;][vc_column_inner width=&#8221;1\/2&#8243;][vc_custom_heading text=&#8221;Votre soutien dans un monde num\u00e9rique&#8221; use_theme_fonts=&#8221;yes&#8221; css=&#8221;.vc_custom_1617187197501{padding-bottom: 2% !important;}&#8221;][vc_column_text el_class=&#8221;list-plus&#8221;]En tant que laboratoire, nous sommes fortement engag\u00e9s dans l&#8217;innovation num\u00e9rique et la cybers\u00e9curit\u00e9. C&#8217;est pourquoi nous disposons d&#8217;un d\u00e9partement informatique solide qui travaille en permanence pour fournir un service optimal.<\/p>\n<p>Vous avez une question sur vos outils de laboratoire num\u00e9rique ? Notre service informatique se fera un plaisir de vous aider.[\/vc_column_text][\/vc_column_inner][vc_column_inner width=&#8221;1\/2&#8243;][vc_single_image image=&#8221;5248&#8243; img_size=&#8221;full&#8221; el_class=&#8221;shadow&#8221;][\/vc_column_inner][\/vc_row_inner][\/vc_column][\/vc_row]<\/p>\n<\/div>","protected":false},"excerpt":{"rendered":"<p>[vc_row full_width=&#8221;stretch_row&#8221; css=&#8221;.vc_custom_1626421640143{padding-top: 10% !important;padding-bottom: 10% !important;background-image: url(https:\/\/www.cma.be\/wp-content\/uploads\/sites\/2\/2021\/07\/Medina-MyLab-1.jpg?id=19137) !important;background-position: center !important;background-repeat: no-repeat !important;background-size: cover !important;}&#8221; el_class=&#8221;header-bg&#8221;][vc_column][\/vc_column][\/vc_row][vc_row][vc_column width=&#8221;1\/4&#8243; css=&#8221;.vc_custom_1613485674609{padding-top: 20px !important;}&#8221;][\/vc_column][vc_column width=&#8221;3\/4&#8243; css=&#8221;.vc_custom_1613485670954{padding-top: 20px !important;}&#8221;][vc_column_text css=&#8221;.vc_custom_1613487487375{margin-bottom: 20px<span class=\"excerpt-hellip\"> [\u2026]<\/span><\/p>\n","protected":false},"author":1,"featured_media":0,"parent":2715,"menu_order":23,"comment_status":"closed","ping_status":"closed","template":"","meta":{"_acf_changed":false,"footnotes":""},"class_list":["post-2661","page","type-page","status-publish","hentry"],"acf":[],"yoast_head":"<!-- This site is optimized with the Yoast SEO plugin v26.7 - https:\/\/yoast.com\/wordpress\/plugins\/seo\/ -->\n<title>MySupport - CMA<\/title>\n<meta name=\"description\" content=\"Als labo zetten we sterk in op digitale innovatie en cybersecurity.\" \/>\n<meta name=\"robots\" content=\"index, follow, max-snippet:-1, max-image-preview:large, max-video-preview:-1\" \/>\n<link rel=\"canonical\" href=\"https:\/\/www.cma.be\/fr\/medecin\/mylab-prise-en-charge\/mysupport\/\" \/>\n<meta property=\"og:locale\" content=\"fr_FR\" \/>\n<meta property=\"og:type\" content=\"article\" \/>\n<meta property=\"og:title\" content=\"MySupport - CMA\" \/>\n<meta property=\"og:description\" content=\"Als labo zetten we sterk in op digitale innovatie en cybersecurity.\" \/>\n<meta property=\"og:url\" content=\"https:\/\/www.cma.be\/fr\/medecin\/mylab-prise-en-charge\/mysupport\/\" \/>\n<meta property=\"og:site_name\" content=\"CMA\" \/>\n<meta property=\"article:publisher\" content=\"https:\/\/www.facebook.com\/medinacma\/\" \/>\n<meta property=\"article:modified_time\" content=\"2021-07-16T07:47:24+00:00\" \/>\n<meta name=\"twitter:card\" content=\"summary_large_image\" \/>\n<script type=\"application\/ld+json\" class=\"yoast-schema-graph\">{\"@context\":\"https:\/\/schema.org\",\"@graph\":[{\"@type\":\"WebPage\",\"@id\":\"https:\/\/www.cma.be\/fr\/medecin\/mylab-prise-en-charge\/mysupport\/\",\"url\":\"https:\/\/www.cma.be\/fr\/medecin\/mylab-prise-en-charge\/mysupport\/\",\"name\":\"MySupport - CMA\",\"isPartOf\":{\"@id\":\"https:\/\/www.cma.be\/nl\/#website\"},\"datePublished\":\"2021-04-28T07:27:13+00:00\",\"dateModified\":\"2021-07-16T07:47:24+00:00\",\"description\":\"Als labo zetten we sterk in op digitale innovatie en cybersecurity.\",\"breadcrumb\":{\"@id\":\"https:\/\/www.cma.be\/fr\/medecin\/mylab-prise-en-charge\/mysupport\/#breadcrumb\"},\"inLanguage\":\"fr-FR\",\"potentialAction\":[{\"@type\":\"ReadAction\",\"target\":[\"https:\/\/www.cma.be\/fr\/medecin\/mylab-prise-en-charge\/mysupport\/\"]}]},{\"@type\":\"BreadcrumbList\",\"@id\":\"https:\/\/www.cma.be\/fr\/medecin\/mylab-prise-en-charge\/mysupport\/#breadcrumb\",\"itemListElement\":[{\"@type\":\"ListItem\",\"position\":1,\"name\":\"HOME\",\"item\":\"https:\/\/www.cma.be\/fr\/\"},{\"@type\":\"ListItem\",\"position\":2,\"name\":\"M\u00e9decin\",\"item\":\"https:\/\/www.cma.be\/fr\/medecin\/\"},{\"@type\":\"ListItem\",\"position\":3,\"name\":\"Mylab prise en charge\",\"item\":\"https:\/\/www.cma.be\/fr\/medecin\/mylab-prise-en-charge\/\"},{\"@type\":\"ListItem\",\"position\":4,\"name\":\"MySupport\"}]},{\"@type\":\"WebSite\",\"@id\":\"https:\/\/www.cma.be\/nl\/#website\",\"url\":\"https:\/\/www.cma.be\/nl\/\",\"name\":\"CMA\",\"description\":\"Medische analysen\",\"publisher\":{\"@id\":\"https:\/\/www.cma.be\/nl\/#organization\"},\"potentialAction\":[{\"@type\":\"SearchAction\",\"target\":{\"@type\":\"EntryPoint\",\"urlTemplate\":\"https:\/\/www.cma.be\/nl\/?s={search_term_string}\"},\"query-input\":{\"@type\":\"PropertyValueSpecification\",\"valueRequired\":true,\"valueName\":\"search_term_string\"}}],\"inLanguage\":\"fr-FR\"},{\"@type\":\"Organization\",\"@id\":\"https:\/\/www.cma.be\/nl\/#organization\",\"name\":\"Cma\",\"url\":\"https:\/\/www.cma.be\/nl\/\",\"logo\":{\"@type\":\"ImageObject\",\"inLanguage\":\"fr-FR\",\"@id\":\"https:\/\/www.cma.be\/nl\/#\/schema\/logo\/image\/\",\"url\":\"https:\/\/www.cma.be\/wp-content\/uploads\/sites\/2\/2021\/03\/Logo-Cma.png\",\"contentUrl\":\"https:\/\/www.cma.be\/wp-content\/uploads\/sites\/2\/2021\/03\/Logo-Cma.png\",\"width\":242,\"height\":101,\"caption\":\"Cma\"},\"image\":{\"@id\":\"https:\/\/www.cma.be\/nl\/#\/schema\/logo\/image\/\"},\"sameAs\":[\"https:\/\/www.facebook.com\/medinacma\/\"]}]}<\/script>\n<!-- \/ Yoast SEO plugin. -->","yoast_head_json":{"title":"MySupport - CMA","description":"Als labo zetten we sterk in op digitale innovatie en cybersecurity.","robots":{"index":"index","follow":"follow","max-snippet":"max-snippet:-1","max-image-preview":"max-image-preview:large","max-video-preview":"max-video-preview:-1"},"canonical":"https:\/\/www.cma.be\/fr\/medecin\/mylab-prise-en-charge\/mysupport\/","og_locale":"fr_FR","og_type":"article","og_title":"MySupport - CMA","og_description":"Als labo zetten we sterk in op digitale innovatie en cybersecurity.","og_url":"https:\/\/www.cma.be\/fr\/medecin\/mylab-prise-en-charge\/mysupport\/","og_site_name":"CMA","article_publisher":"https:\/\/www.facebook.com\/medinacma\/","article_modified_time":"2021-07-16T07:47:24+00:00","twitter_card":"summary_large_image","schema":{"@context":"https:\/\/schema.org","@graph":[{"@type":"WebPage","@id":"https:\/\/www.cma.be\/fr\/medecin\/mylab-prise-en-charge\/mysupport\/","url":"https:\/\/www.cma.be\/fr\/medecin\/mylab-prise-en-charge\/mysupport\/","name":"MySupport - CMA","isPartOf":{"@id":"https:\/\/www.cma.be\/nl\/#website"},"datePublished":"2021-04-28T07:27:13+00:00","dateModified":"2021-07-16T07:47:24+00:00","description":"Als labo zetten we sterk in op digitale innovatie en cybersecurity.","breadcrumb":{"@id":"https:\/\/www.cma.be\/fr\/medecin\/mylab-prise-en-charge\/mysupport\/#breadcrumb"},"inLanguage":"fr-FR","potentialAction":[{"@type":"ReadAction","target":["https:\/\/www.cma.be\/fr\/medecin\/mylab-prise-en-charge\/mysupport\/"]}]},{"@type":"BreadcrumbList","@id":"https:\/\/www.cma.be\/fr\/medecin\/mylab-prise-en-charge\/mysupport\/#breadcrumb","itemListElement":[{"@type":"ListItem","position":1,"name":"HOME","item":"https:\/\/www.cma.be\/fr\/"},{"@type":"ListItem","position":2,"name":"M\u00e9decin","item":"https:\/\/www.cma.be\/fr\/medecin\/"},{"@type":"ListItem","position":3,"name":"Mylab prise en charge","item":"https:\/\/www.cma.be\/fr\/medecin\/mylab-prise-en-charge\/"},{"@type":"ListItem","position":4,"name":"MySupport"}]},{"@type":"WebSite","@id":"https:\/\/www.cma.be\/nl\/#website","url":"https:\/\/www.cma.be\/nl\/","name":"CMA","description":"Medische analysen","publisher":{"@id":"https:\/\/www.cma.be\/nl\/#organization"},"potentialAction":[{"@type":"SearchAction","target":{"@type":"EntryPoint","urlTemplate":"https:\/\/www.cma.be\/nl\/?s={search_term_string}"},"query-input":{"@type":"PropertyValueSpecification","valueRequired":true,"valueName":"search_term_string"}}],"inLanguage":"fr-FR"},{"@type":"Organization","@id":"https:\/\/www.cma.be\/nl\/#organization","name":"Cma","url":"https:\/\/www.cma.be\/nl\/","logo":{"@type":"ImageObject","inLanguage":"fr-FR","@id":"https:\/\/www.cma.be\/nl\/#\/schema\/logo\/image\/","url":"https:\/\/www.cma.be\/wp-content\/uploads\/sites\/2\/2021\/03\/Logo-Cma.png","contentUrl":"https:\/\/www.cma.be\/wp-content\/uploads\/sites\/2\/2021\/03\/Logo-Cma.png","width":242,"height":101,"caption":"Cma"},"image":{"@id":"https:\/\/www.cma.be\/nl\/#\/schema\/logo\/image\/"},"sameAs":["https:\/\/www.facebook.com\/medinacma\/"]}]}},"_links":{"self":[{"href":"https:\/\/www.cma.be\/fr\/wp-json\/wp\/v2\/pages\/2661","targetHints":{"allow":["GET"]}}],"collection":[{"href":"https:\/\/www.cma.be\/fr\/wp-json\/wp\/v2\/pages"}],"about":[{"href":"https:\/\/www.cma.be\/fr\/wp-json\/wp\/v2\/types\/page"}],"author":[{"embeddable":true,"href":"https:\/\/www.cma.be\/fr\/wp-json\/wp\/v2\/users\/1"}],"replies":[{"embeddable":true,"href":"https:\/\/www.cma.be\/fr\/wp-json\/wp\/v2\/comments?post=2661"}],"version-history":[{"count":4,"href":"https:\/\/www.cma.be\/fr\/wp-json\/wp\/v2\/pages\/2661\/revisions"}],"predecessor-version":[{"id":19136,"href":"https:\/\/www.cma.be\/fr\/wp-json\/wp\/v2\/pages\/2661\/revisions\/19136"}],"up":[{"embeddable":true,"href":"https:\/\/www.cma.be\/fr\/wp-json\/wp\/v2\/pages\/2715"}],"wp:attachment":[{"href":"https:\/\/www.cma.be\/fr\/wp-json\/wp\/v2\/media?parent=2661"}],"curies":[{"name":"wp","href":"https:\/\/api.w.org\/{rel}","templated":true}]}}