{"id":2814,"date":"2021-04-28T10:08:28","date_gmt":"2021-04-28T08:08:28","guid":{"rendered":"https:\/\/www.cma.be\/?page_id=2814"},"modified":"2022-08-09T09:13:49","modified_gmt":"2022-08-09T07:13:49","slug":"travailler-chez-cma","status":"publish","type":"page","link":"https:\/\/www.cma.be\/fr\/a-propos-de-nous\/travailler-chez-cma\/","title":{"rendered":"Travailler chez CMA"},"content":{"rendered":"<div class=\"wpb-content-wrapper\"><p>[vc_row full_width=&#8221;stretch_row&#8221; css=&#8221;.vc_custom_1617179986922{padding-top: 10% !important;padding-bottom: 10% !important;background-image: url(https:\/\/www.medina.be\/wp-content\/uploads\/2021\/03\/Medina-over-ons-header.jpg?id=6393) !important;background-position: center !important;background-repeat: no-repeat !important;background-size: cover !important;}&#8221; el_class=&#8221;header-bg&#8221;][vc_column][\/vc_column][\/vc_row][vc_row][vc_column width=&#8221;1\/4&#8243; css=&#8221;.vc_custom_1613485674609{padding-top: 20px !important;}&#8221;][\/vc_column][vc_column width=&#8221;3\/4&#8243; css=&#8221;.vc_custom_1613485670954{padding-top: 20px !important;}&#8221;][vc_column_text css=&#8221;.vc_custom_1613487487375{margin-bottom: 20px !important;}&#8221;][show-breadcrumbs][\/vc_column_text][\/vc_column][\/vc_row][vc_row css=&#8221;.vc_custom_1613403724564{margin-bottom: 35px !important;padding-bottom: 4% !important;}&#8221; el_id=&#8221;wat-is-nipt&#8221;][vc_column width=&#8221;1\/4&#8243; css=&#8221;.vc_custom_1613052450674{padding-right: 6% !important;}&#8221;][vc_widget_sidebar sidebar_id=&#8221;sidebar-overons&#8221;][\/vc_column][vc_column width=&#8221;3\/4&#8243;][vc_row_inner css=&#8221;.vc_custom_1613485985226{margin-bottom: 10px !important;}&#8221;][vc_column_inner][vc_custom_heading text=&#8221;TRAVAILLER CHEZ CMA&#8221; font_container=&#8221;tag:h1|text_align:left&#8221; use_theme_fonts=&#8221;yes&#8221; css=&#8221;.vc_custom_1617222537952{margin-top: 12px !important;}&#8221;][\/vc_column_inner][\/vc_row_inner][vc_row_inner css=&#8221;.vc_custom_1613054576443{margin-bottom: 0px !important;}&#8221;][vc_column_inner width=&#8221;1\/2&#8243;][vc_custom_heading text=&#8221;Notre culture d\u2019entreprise&#8221; use_theme_fonts=&#8221;yes&#8221; css=&#8221;.vc_custom_1617222548169{padding-bottom: 2% !important;}&#8221;][vc_column_text el_class=&#8221;list-plus&#8221;]<span data-contrast=\"none\">CMA n\u2019est pas n\u2019importe lequel des laboratoires m\u00e9dicaux. Bien qu\u2019il se trouve au top des laboratoires m\u00e9dicaux, le caract\u00e8re convivial d\u2019une entreprise\u202ffamiliale belge est rest\u00e9. Et ceci est tr\u00e8s particulier. Chaque collaborateur se porte garant de qualit\u00e9 et il en est fier. Ceci se fait remarquer aussi bien dans leur savoir-faire que dans leurs rapports avec les m\u00e9decins et patients. Nos collaborateurs ressentissent cette culture d\u2019entreprise comme informelle, respectueuse, ouverte, ambitieuse et critique envers soi-m\u00eame. Et surtout : orient\u00e9 sur les r\u00e9sultats et les clients.<\/span><span data-ccp-props=\"{&quot;134233117&quot;:true,&quot;134233118&quot;:true,&quot;201341983&quot;:2,&quot;335559740&quot;:360}\">\u00a0<\/span><\/p>\n<p><span data-contrast=\"none\">Si vous vous reconnaissez dans ces valeurs, CMA vous convient.<\/span><b><\/b>[\/vc_column_text][\/vc_column_inner][vc_column_inner width=&#8221;1\/2&#8243;][vc_single_image image=&#8221;48815&#8243; img_size=&#8221;full&#8221; el_class=&#8221;shadow&#8221;][\/vc_column_inner][\/vc_row_inner][vc_row_inner][vc_column_inner][vc_custom_heading text=&#8221;Nous investissons en vous&#8221; use_theme_fonts=&#8221;yes&#8221; css=&#8221;.vc_custom_1617222574656{padding-bottom: 2% !important;}&#8221;][vc_column_text el_class=&#8221;list-plus&#8221;]<span class=\"TextRun BCX0 SCXW204679908\" lang=\"FR-BE\" xml:lang=\"FR-BE\" data-contrast=\"none\"><span class=\"NormalTextRun BCX0 SCXW204679908\" data-ccp-parastyle=\"Normal (Web)\">Nous souhaitons voir nos collaborateurs \u00e9voluer et d\u00e8s lors nous appliquons une politique d\u2019apprentissage et de formation particuli\u00e8rement active. A tous les niveaux, nous prenons soin de faire accro\u00eetre leur savoir-faire. Si vous rejoignez l\u2019\u00e9quipe CMA, vous pouvez naturellement aussi compter sur des conditions de travail int\u00e9ressantes.<\/span><\/span>[\/vc_column_text][vc_single_image image=&#8221;48817&#8243; img_size=&#8221;full&#8221; el_class=&#8221;shadow&#8221;][\/vc_column_inner][\/vc_row_inner][vc_row_inner el_class=&#8221;box&#8221; css=&#8221;.vc_custom_1614272464258{margin-bottom: 40px !important;}&#8221;][vc_column_inner][vc_custom_heading text=&#8221;Investissez dans votre futur&#8221; use_theme_fonts=&#8221;yes&#8221;][vc_column_text el_class=&#8221;list-plus&#8221;]<span data-contrast=\"none\"><strong>Vous avez envie de travailler chez CMA?<\/strong> <\/span><\/p>\n<p><a href=\"https:\/\/ourjobs.cvwarehouse.com\/?companyGuid=642303ab-ec92-457b-b488-133bb3236a8a&amp;lang=nl-BE\" target=\"_blank\" rel=\"noopener\"><span style=\"text-decoration: underline\"><strong>Consultez nos offres d\u2019emploi ou envoyez votre candidature spontan\u00e9e par\u202fle formulaire de contact.\u00a0<\/strong><\/span><\/a><br \/>\n<span data-contrast=\"none\">Nous traitons votre sollicitation avec la plus grande discr\u00e9tion.<\/span><span data-ccp-props=\"{&quot;134233117&quot;:true,&quot;134233118&quot;:true,&quot;201341983&quot;:2,&quot;335559740&quot;:360}\"><br \/>\n<\/span>[\/vc_column_text][\/vc_column_inner][\/vc_row_inner][\/vc_column][\/vc_row]<\/p>\n<\/div>","protected":false},"excerpt":{"rendered":"<p>[vc_row full_width=&#8221;stretch_row&#8221; css=&#8221;.vc_custom_1617179986922{padding-top: 10% !important;padding-bottom: 10% !important;background-image: url(https:\/\/www.medina.be\/wp-content\/uploads\/2021\/03\/Medina-over-ons-header.jpg?id=6393) !important;background-position: center !important;background-repeat: no-repeat !important;background-size: cover !important;}&#8221; el_class=&#8221;header-bg&#8221;][vc_column][\/vc_column][\/vc_row][vc_row][vc_column width=&#8221;1\/4&#8243; css=&#8221;.vc_custom_1613485674609{padding-top: 20px !important;}&#8221;][\/vc_column][vc_column width=&#8221;3\/4&#8243; css=&#8221;.vc_custom_1613485670954{padding-top: 20px !important;}&#8221;][vc_column_text css=&#8221;.vc_custom_1613487487375{margin-bottom: 20px<span class=\"excerpt-hellip\"> [\u2026]<\/span><\/p>\n","protected":false},"author":1,"featured_media":0,"parent":1548,"menu_order":23,"comment_status":"closed","ping_status":"closed","template":"","meta":{"_acf_changed":false,"footnotes":""},"class_list":["post-2814","page","type-page","status-publish","hentry"],"acf":[],"yoast_head":"<!-- This site is optimized with the Yoast SEO plugin v26.7 - https:\/\/yoast.com\/wordpress\/plugins\/seo\/ -->\n<title>Travailler chez CMA - CMA<\/title>\n<meta name=\"description\" content=\"Het Medisch Labo Medina is niet zomaar een medisch laboratorium. Ook al behoort het tot de top van de medische labo\u2019s: het warme karakter van een Belgisch familiebedrijf is gebleven.\" \/>\n<meta name=\"robots\" content=\"index, follow, max-snippet:-1, max-image-preview:large, max-video-preview:-1\" \/>\n<link rel=\"canonical\" href=\"https:\/\/www.cma.be\/fr\/a-propos-de-nous\/travailler-chez-cma\/\" \/>\n<meta property=\"og:locale\" content=\"fr_FR\" \/>\n<meta property=\"og:type\" content=\"article\" \/>\n<meta property=\"og:title\" content=\"Travailler chez CMA - CMA\" \/>\n<meta property=\"og:description\" content=\"Het Medisch Labo Medina is niet zomaar een medisch laboratorium. Ook al behoort het tot de top van de medische labo\u2019s: het warme karakter van een Belgisch familiebedrijf is gebleven.\" \/>\n<meta property=\"og:url\" content=\"https:\/\/www.cma.be\/fr\/a-propos-de-nous\/travailler-chez-cma\/\" \/>\n<meta property=\"og:site_name\" content=\"CMA\" \/>\n<meta property=\"article:publisher\" content=\"https:\/\/www.facebook.com\/medinacma\/\" \/>\n<meta property=\"article:modified_time\" content=\"2022-08-09T07:13:49+00:00\" \/>\n<meta name=\"twitter:card\" content=\"summary_large_image\" \/>\n<script type=\"application\/ld+json\" class=\"yoast-schema-graph\">{\"@context\":\"https:\/\/schema.org\",\"@graph\":[{\"@type\":\"WebPage\",\"@id\":\"https:\/\/www.cma.be\/fr\/a-propos-de-nous\/travailler-chez-cma\/\",\"url\":\"https:\/\/www.cma.be\/fr\/a-propos-de-nous\/travailler-chez-cma\/\",\"name\":\"Travailler chez CMA - CMA\",\"isPartOf\":{\"@id\":\"https:\/\/www.cma.be\/nl\/#website\"},\"datePublished\":\"2021-04-28T08:08:28+00:00\",\"dateModified\":\"2022-08-09T07:13:49+00:00\",\"description\":\"Het Medisch Labo Medina is niet zomaar een medisch laboratorium. Ook al behoort het tot de top van de medische labo\u2019s: het warme karakter van een Belgisch familiebedrijf is gebleven.\",\"breadcrumb\":{\"@id\":\"https:\/\/www.cma.be\/fr\/a-propos-de-nous\/travailler-chez-cma\/#breadcrumb\"},\"inLanguage\":\"fr-FR\",\"potentialAction\":[{\"@type\":\"ReadAction\",\"target\":[\"https:\/\/www.cma.be\/fr\/a-propos-de-nous\/travailler-chez-cma\/\"]}]},{\"@type\":\"BreadcrumbList\",\"@id\":\"https:\/\/www.cma.be\/fr\/a-propos-de-nous\/travailler-chez-cma\/#breadcrumb\",\"itemListElement\":[{\"@type\":\"ListItem\",\"position\":1,\"name\":\"HOME\",\"item\":\"https:\/\/www.cma.be\/fr\/\"},{\"@type\":\"ListItem\",\"position\":2,\"name\":\"\u00c0 propos de nous\",\"item\":\"https:\/\/www.cma.be\/fr\/a-propos-de-nous\/\"},{\"@type\":\"ListItem\",\"position\":3,\"name\":\"Travailler chez CMA\"}]},{\"@type\":\"WebSite\",\"@id\":\"https:\/\/www.cma.be\/nl\/#website\",\"url\":\"https:\/\/www.cma.be\/nl\/\",\"name\":\"CMA\",\"description\":\"Medische analysen\",\"publisher\":{\"@id\":\"https:\/\/www.cma.be\/nl\/#organization\"},\"potentialAction\":[{\"@type\":\"SearchAction\",\"target\":{\"@type\":\"EntryPoint\",\"urlTemplate\":\"https:\/\/www.cma.be\/nl\/?s={search_term_string}\"},\"query-input\":{\"@type\":\"PropertyValueSpecification\",\"valueRequired\":true,\"valueName\":\"search_term_string\"}}],\"inLanguage\":\"fr-FR\"},{\"@type\":\"Organization\",\"@id\":\"https:\/\/www.cma.be\/nl\/#organization\",\"name\":\"Cma\",\"url\":\"https:\/\/www.cma.be\/nl\/\",\"logo\":{\"@type\":\"ImageObject\",\"inLanguage\":\"fr-FR\",\"@id\":\"https:\/\/www.cma.be\/nl\/#\/schema\/logo\/image\/\",\"url\":\"https:\/\/www.cma.be\/wp-content\/uploads\/sites\/2\/2021\/03\/Logo-Cma.png\",\"contentUrl\":\"https:\/\/www.cma.be\/wp-content\/uploads\/sites\/2\/2021\/03\/Logo-Cma.png\",\"width\":242,\"height\":101,\"caption\":\"Cma\"},\"image\":{\"@id\":\"https:\/\/www.cma.be\/nl\/#\/schema\/logo\/image\/\"},\"sameAs\":[\"https:\/\/www.facebook.com\/medinacma\/\"]}]}<\/script>\n<!-- \/ Yoast SEO plugin. -->","yoast_head_json":{"title":"Travailler chez CMA - CMA","description":"Het Medisch Labo Medina is niet zomaar een medisch laboratorium. Ook al behoort het tot de top van de medische labo\u2019s: het warme karakter van een Belgisch familiebedrijf is gebleven.","robots":{"index":"index","follow":"follow","max-snippet":"max-snippet:-1","max-image-preview":"max-image-preview:large","max-video-preview":"max-video-preview:-1"},"canonical":"https:\/\/www.cma.be\/fr\/a-propos-de-nous\/travailler-chez-cma\/","og_locale":"fr_FR","og_type":"article","og_title":"Travailler chez CMA - CMA","og_description":"Het Medisch Labo Medina is niet zomaar een medisch laboratorium. Ook al behoort het tot de top van de medische labo\u2019s: het warme karakter van een Belgisch familiebedrijf is gebleven.","og_url":"https:\/\/www.cma.be\/fr\/a-propos-de-nous\/travailler-chez-cma\/","og_site_name":"CMA","article_publisher":"https:\/\/www.facebook.com\/medinacma\/","article_modified_time":"2022-08-09T07:13:49+00:00","twitter_card":"summary_large_image","schema":{"@context":"https:\/\/schema.org","@graph":[{"@type":"WebPage","@id":"https:\/\/www.cma.be\/fr\/a-propos-de-nous\/travailler-chez-cma\/","url":"https:\/\/www.cma.be\/fr\/a-propos-de-nous\/travailler-chez-cma\/","name":"Travailler chez CMA - CMA","isPartOf":{"@id":"https:\/\/www.cma.be\/nl\/#website"},"datePublished":"2021-04-28T08:08:28+00:00","dateModified":"2022-08-09T07:13:49+00:00","description":"Het Medisch Labo Medina is niet zomaar een medisch laboratorium. Ook al behoort het tot de top van de medische labo\u2019s: het warme karakter van een Belgisch familiebedrijf is gebleven.","breadcrumb":{"@id":"https:\/\/www.cma.be\/fr\/a-propos-de-nous\/travailler-chez-cma\/#breadcrumb"},"inLanguage":"fr-FR","potentialAction":[{"@type":"ReadAction","target":["https:\/\/www.cma.be\/fr\/a-propos-de-nous\/travailler-chez-cma\/"]}]},{"@type":"BreadcrumbList","@id":"https:\/\/www.cma.be\/fr\/a-propos-de-nous\/travailler-chez-cma\/#breadcrumb","itemListElement":[{"@type":"ListItem","position":1,"name":"HOME","item":"https:\/\/www.cma.be\/fr\/"},{"@type":"ListItem","position":2,"name":"\u00c0 propos de nous","item":"https:\/\/www.cma.be\/fr\/a-propos-de-nous\/"},{"@type":"ListItem","position":3,"name":"Travailler chez CMA"}]},{"@type":"WebSite","@id":"https:\/\/www.cma.be\/nl\/#website","url":"https:\/\/www.cma.be\/nl\/","name":"CMA","description":"Medische analysen","publisher":{"@id":"https:\/\/www.cma.be\/nl\/#organization"},"potentialAction":[{"@type":"SearchAction","target":{"@type":"EntryPoint","urlTemplate":"https:\/\/www.cma.be\/nl\/?s={search_term_string}"},"query-input":{"@type":"PropertyValueSpecification","valueRequired":true,"valueName":"search_term_string"}}],"inLanguage":"fr-FR"},{"@type":"Organization","@id":"https:\/\/www.cma.be\/nl\/#organization","name":"Cma","url":"https:\/\/www.cma.be\/nl\/","logo":{"@type":"ImageObject","inLanguage":"fr-FR","@id":"https:\/\/www.cma.be\/nl\/#\/schema\/logo\/image\/","url":"https:\/\/www.cma.be\/wp-content\/uploads\/sites\/2\/2021\/03\/Logo-Cma.png","contentUrl":"https:\/\/www.cma.be\/wp-content\/uploads\/sites\/2\/2021\/03\/Logo-Cma.png","width":242,"height":101,"caption":"Cma"},"image":{"@id":"https:\/\/www.cma.be\/nl\/#\/schema\/logo\/image\/"},"sameAs":["https:\/\/www.facebook.com\/medinacma\/"]}]}},"_links":{"self":[{"href":"https:\/\/www.cma.be\/fr\/wp-json\/wp\/v2\/pages\/2814","targetHints":{"allow":["GET"]}}],"collection":[{"href":"https:\/\/www.cma.be\/fr\/wp-json\/wp\/v2\/pages"}],"about":[{"href":"https:\/\/www.cma.be\/fr\/wp-json\/wp\/v2\/types\/page"}],"author":[{"embeddable":true,"href":"https:\/\/www.cma.be\/fr\/wp-json\/wp\/v2\/users\/1"}],"replies":[{"embeddable":true,"href":"https:\/\/www.cma.be\/fr\/wp-json\/wp\/v2\/comments?post=2814"}],"version-history":[{"count":12,"href":"https:\/\/www.cma.be\/fr\/wp-json\/wp\/v2\/pages\/2814\/revisions"}],"predecessor-version":[{"id":48831,"href":"https:\/\/www.cma.be\/fr\/wp-json\/wp\/v2\/pages\/2814\/revisions\/48831"}],"up":[{"embeddable":true,"href":"https:\/\/www.cma.be\/fr\/wp-json\/wp\/v2\/pages\/1548"}],"wp:attachment":[{"href":"https:\/\/www.cma.be\/fr\/wp-json\/wp\/v2\/media?parent=2814"}],"curies":[{"name":"wp","href":"https:\/\/api.w.org\/{rel}","templated":true}]}}