{"id":363,"date":"2021-04-28T10:46:36","date_gmt":"2021-04-28T08:46:36","guid":{"rendered":"https:\/\/www.cma.be\/?page_id=363"},"modified":"2025-06-05T09:39:14","modified_gmt":"2025-06-05T07:39:14","slug":"instructions-pour-prelevement-dechantillons","status":"publish","type":"page","link":"https:\/\/www.cma.be\/fr\/instructions-pour-prelevement-dechantillons\/","title":{"rendered":"Instructions pour pr\u00e9l\u00e8vement d&#8217;\u00e9chantillons"},"content":{"rendered":"<div class=\"wpb-content-wrapper\"><p>[vc_row full_width=&#8221;stretch_row&#8221; css=&#8221;.vc_custom_1617182069346{padding-top: 10% !important;padding-bottom: 10% !important;background-image: url(https:\/\/www.medina.be\/wp-content\/uploads\/2021\/03\/Medina-richtlijnen-header.jpg?id=6539) !important;background-position: center !important;background-repeat: no-repeat !important;background-size: cover !important;}&#8221; el_class=&#8221;header-bg&#8221;][vc_column][\/vc_column][\/vc_row][vc_row][vc_column width=&#8221;1\/4&#8243; css=&#8221;.vc_custom_1613485674609{padding-top: 20px !important;}&#8221;][\/vc_column][vc_column width=&#8221;3\/4&#8243; css=&#8221;.vc_custom_1613485670954{padding-top: 20px !important;}&#8221;][vc_column_text css=&#8221;.vc_custom_1613487487375{margin-bottom: 20px !important;}&#8221;][show-breadcrumbs][\/vc_column_text][\/vc_column][\/vc_row][vc_row css=&#8221;.vc_custom_1602579700420{margin-bottom: 35px !important;padding-bottom: 4% !important;}&#8221;][vc_column width=&#8221;1\/4&#8243; css=&#8221;.vc_custom_1613052450674{padding-right: 6% !important;}&#8221;][vc_widget_sidebar sidebar_id=&#8221;sidebar-staalafname&#8221;][\/vc_column][vc_column width=&#8221;3\/4&#8243;][vc_row_inner css=&#8221;.vc_custom_1613485985226{margin-bottom: 10px !important;}&#8221;][vc_column_inner][vc_custom_heading text=&#8221;Instructions&#8221; font_container=&#8221;tag:h1|text_align:left&#8221; use_theme_fonts=&#8221;yes&#8221; css=&#8221;.vc_custom_1617204537311{margin-top: 12px !important;}&#8221;][\/vc_column_inner][\/vc_row_inner][vc_custom_heading text=&#8221;Pourquoi dois-je faire examiner mon sang, mes urines ou mes selles?&#8221; use_theme_fonts=&#8221;yes&#8221;][vc_column_text css=&#8221;.vc_custom_1617204795426{margin-bottom: 25px !important;}&#8221;]Le sang apporte ea l\u2019oxyg\u00e8ne et les substances alimentaires dans les tissus. Votre sang \u00e9limine aussi les d\u00e9chets via l\u2019urine et les selles. Votre sang, votre urine ainsi que vos selles refl\u00e8tent donc votre sant\u00e9. En cas d\u2019anormalit\u00e9s ou d\u2019infections, cet examen aidera votre m\u00e9decin dans son diagnostic.[\/vc_column_text][vc_custom_heading text=&#8221;Un pr\u00e9l\u00e8vement correct am\u00e8ne \u00e0 des r\u00e9sultats corrects&#8221; use_theme_fonts=&#8221;yes&#8221;][vc_row_inner el_class=&#8221;box&#8221;][vc_column_inner][vc_column_text]Le niveau de qualit\u00e9 des \u00e9chantillons est \u00e0 comparer aux ingr\u00e9dients d\u2019un bon repas. Si les ingr\u00e9dients ne sont pas de qualit\u00e9 impeccable, il deviendra difficile de pr\u00e9parer un excellent repas. De la m\u00eame mani\u00e8re, votre \u00e9chantillon doit \u00eatre de qualit\u00e9 suffisante afin d\u2019obtenir des r\u00e9sultats fiables. Suivez donc toujours rigoureusement les instructions de votre m\u00e9decin.<\/p>\n<p>[\/vc_column_text][\/vc_column_inner][\/vc_row_inner][vc_custom_heading text=&#8221;Vous retrouvez, ci-dessous, toutes les instructions.&#8221; use_theme_fonts=&#8221;yes&#8221;][vc_row_inner el_class=&#8221;row-list&#8221;][vc_column_inner][vc_column_text css=&#8221;.vc_custom_1626333668745{margin-bottom: 0px !important;}&#8221;]<a href=\"https:\/\/www.cma.be\/fr\/instructions-pour-prelevement-dechantillons\/prise-de-sang\/\">Prise de sang<\/a>[\/vc_column_text][vc_column_text css=&#8221;.vc_custom_1626333679383{margin-bottom: 0px !important;}&#8221;]<\/p>\n<div class=\"vc_row wpb_row vc_inner vc_row-fluid vc_custom_1613485985226\">\n<div class=\"wpb_column vc_column_container vc_col-sm-12\">\n<div class=\"vc_column-inner\">\n<div class=\"wpb_wrapper\">\n<p><a href=\"https:\/\/www.cma.be\/fr\/instructions-pour-prelevement-dechantillons\/prelevement-dpni\/\">Pr\u00e9l\u00e8vement DPNI<\/a><\/p>\n<\/div>\n<\/div>\n<\/div>\n<\/div>\n<p>[\/vc_column_text][vc_column_text css=&#8221;.vc_custom_1626333689038{margin-bottom: 0px !important;}&#8221;]<\/p>\n<p class=\"vc_custom_heading vc_custom_1617203438186\"><a href=\"https:\/\/www.cma.be\/fr\/instructions-pour-prelevement-dechantillons\/prelevement-de-sperme\/\">Pr\u00e9l\u00e8vement de sperme<\/a><\/p>\n<p>[\/vc_column_text][vc_column_text css=&#8221;.vc_custom_1749109152440{margin-bottom: 0px !important;}&#8221;]<a href=\"https:\/\/www.cma.be\/fr\/instructions-pour-prelevement-dechantillons\/prelevement-de-selles\/\">Pr\u00e9l\u00e8vement de selles<\/a>[\/vc_column_text][vc_column_text css=&#8221;.vc_custom_1626333710650{margin-bottom: 0px !important;}&#8221;]<a href=\"https:\/\/www.cma.be\/fr\/instructions-pour-prelevement-dechantillons\/examen-de-valeurs-glycemiques\/\">Examen de valeurs glyc\u00e9miques<\/a>[\/vc_column_text][vc_column_text css=&#8221;.vc_custom_1749108472327{margin-bottom: 0px !important;}&#8221;]<a href=\"https:\/\/www.cma.be\/fr\/instructions-pour-prelevement-dechantillons\/prelevement-d-urines\/\">Pr\u00e9l\u00e8vement d&#8217;urines<\/a>[\/vc_column_text][vc_column_text css=&#8221;.vc_custom_1626333732807{margin-bottom: 0px !important;}&#8221;]<a href=\"https:\/\/www.cma.be\/fr\/instructions-pour-prelevement-dechantillons\/analyse-de-paternite\/\">Analyse de paternit\u00e9<\/a>[\/vc_column_text][\/vc_column_inner][\/vc_row_inner][\/vc_column][\/vc_row]<\/p>\n<\/div>","protected":false},"excerpt":{"rendered":"<p>[vc_row full_width=&#8221;stretch_row&#8221; css=&#8221;.vc_custom_1617182069346{padding-top: 10% !important;padding-bottom: 10% !important;background-image: url(https:\/\/www.medina.be\/wp-content\/uploads\/2021\/03\/Medina-richtlijnen-header.jpg?id=6539) !important;background-position: center !important;background-repeat: no-repeat !important;background-size: cover !important;}&#8221; el_class=&#8221;header-bg&#8221;][vc_column][\/vc_column][\/vc_row][vc_row][vc_column width=&#8221;1\/4&#8243; css=&#8221;.vc_custom_1613485674609{padding-top: 20px !important;}&#8221;][\/vc_column][vc_column width=&#8221;3\/4&#8243; css=&#8221;.vc_custom_1613485670954{padding-top: 20px !important;}&#8221;][vc_column_text css=&#8221;.vc_custom_1613487487375{margin-bottom: 20px<span class=\"excerpt-hellip\"> [\u2026]<\/span><\/p>\n","protected":false},"author":1,"featured_media":0,"parent":0,"menu_order":29,"comment_status":"closed","ping_status":"closed","template":"","meta":{"_acf_changed":false,"footnotes":""},"class_list":["post-363","page","type-page","status-publish","hentry"],"acf":[],"yoast_head":"<!-- This site is optimized with the Yoast SEO plugin v26.7 - https:\/\/yoast.com\/wordpress\/plugins\/seo\/ -->\n<title>Instructions pour pr\u00e9l\u00e8vement d&#039;\u00e9chantillons - CMA<\/title>\n<meta name=\"description\" content=\"Uw staal moet voldoende kwalitatief zijn om correcte resultaten te verkrijgen. Volg daarom altijd zeer strikt de richtlijnen van uw arts.\" \/>\n<meta name=\"robots\" content=\"index, follow, max-snippet:-1, max-image-preview:large, max-video-preview:-1\" \/>\n<link rel=\"canonical\" href=\"https:\/\/www.cma.be\/fr\/instructions-pour-prelevement-dechantillons\/\" \/>\n<meta property=\"og:locale\" content=\"fr_FR\" \/>\n<meta property=\"og:type\" content=\"article\" \/>\n<meta property=\"og:title\" content=\"Instructions pour pr\u00e9l\u00e8vement d&#039;\u00e9chantillons - CMA\" \/>\n<meta property=\"og:description\" content=\"Uw staal moet voldoende kwalitatief zijn om correcte resultaten te verkrijgen. Volg daarom altijd zeer strikt de richtlijnen van uw arts.\" \/>\n<meta property=\"og:url\" content=\"https:\/\/www.cma.be\/fr\/instructions-pour-prelevement-dechantillons\/\" \/>\n<meta property=\"og:site_name\" content=\"CMA\" \/>\n<meta property=\"article:publisher\" content=\"https:\/\/www.facebook.com\/medinacma\/\" \/>\n<meta property=\"article:modified_time\" content=\"2025-06-05T07:39:14+00:00\" \/>\n<meta name=\"twitter:card\" content=\"summary_large_image\" \/>\n<script type=\"application\/ld+json\" class=\"yoast-schema-graph\">{\"@context\":\"https:\/\/schema.org\",\"@graph\":[{\"@type\":\"WebPage\",\"@id\":\"https:\/\/www.cma.be\/fr\/instructions-pour-prelevement-dechantillons\/\",\"url\":\"https:\/\/www.cma.be\/fr\/instructions-pour-prelevement-dechantillons\/\",\"name\":\"Instructions pour pr\u00e9l\u00e8vement d'\u00e9chantillons - CMA\",\"isPartOf\":{\"@id\":\"https:\/\/www.cma.be\/nl\/#website\"},\"datePublished\":\"2021-04-28T08:46:36+00:00\",\"dateModified\":\"2025-06-05T07:39:14+00:00\",\"description\":\"Uw staal moet voldoende kwalitatief zijn om correcte resultaten te verkrijgen. Volg daarom altijd zeer strikt de richtlijnen van uw arts.\",\"breadcrumb\":{\"@id\":\"https:\/\/www.cma.be\/fr\/instructions-pour-prelevement-dechantillons\/#breadcrumb\"},\"inLanguage\":\"fr-FR\",\"potentialAction\":[{\"@type\":\"ReadAction\",\"target\":[\"https:\/\/www.cma.be\/fr\/instructions-pour-prelevement-dechantillons\/\"]}]},{\"@type\":\"BreadcrumbList\",\"@id\":\"https:\/\/www.cma.be\/fr\/instructions-pour-prelevement-dechantillons\/#breadcrumb\",\"itemListElement\":[{\"@type\":\"ListItem\",\"position\":1,\"name\":\"HOME\",\"item\":\"https:\/\/www.cma.be\/fr\/\"},{\"@type\":\"ListItem\",\"position\":2,\"name\":\"Instructions pour pr\u00e9l\u00e8vement d&#8217;\u00e9chantillons\"}]},{\"@type\":\"WebSite\",\"@id\":\"https:\/\/www.cma.be\/nl\/#website\",\"url\":\"https:\/\/www.cma.be\/nl\/\",\"name\":\"CMA\",\"description\":\"Medische analysen\",\"publisher\":{\"@id\":\"https:\/\/www.cma.be\/nl\/#organization\"},\"potentialAction\":[{\"@type\":\"SearchAction\",\"target\":{\"@type\":\"EntryPoint\",\"urlTemplate\":\"https:\/\/www.cma.be\/nl\/?s={search_term_string}\"},\"query-input\":{\"@type\":\"PropertyValueSpecification\",\"valueRequired\":true,\"valueName\":\"search_term_string\"}}],\"inLanguage\":\"fr-FR\"},{\"@type\":\"Organization\",\"@id\":\"https:\/\/www.cma.be\/nl\/#organization\",\"name\":\"Cma\",\"url\":\"https:\/\/www.cma.be\/nl\/\",\"logo\":{\"@type\":\"ImageObject\",\"inLanguage\":\"fr-FR\",\"@id\":\"https:\/\/www.cma.be\/nl\/#\/schema\/logo\/image\/\",\"url\":\"https:\/\/www.cma.be\/wp-content\/uploads\/sites\/2\/2021\/03\/Logo-Cma.png\",\"contentUrl\":\"https:\/\/www.cma.be\/wp-content\/uploads\/sites\/2\/2021\/03\/Logo-Cma.png\",\"width\":242,\"height\":101,\"caption\":\"Cma\"},\"image\":{\"@id\":\"https:\/\/www.cma.be\/nl\/#\/schema\/logo\/image\/\"},\"sameAs\":[\"https:\/\/www.facebook.com\/medinacma\/\"]}]}<\/script>\n<!-- \/ Yoast SEO plugin. -->","yoast_head_json":{"title":"Instructions pour pr\u00e9l\u00e8vement d'\u00e9chantillons - CMA","description":"Uw staal moet voldoende kwalitatief zijn om correcte resultaten te verkrijgen. Volg daarom altijd zeer strikt de richtlijnen van uw arts.","robots":{"index":"index","follow":"follow","max-snippet":"max-snippet:-1","max-image-preview":"max-image-preview:large","max-video-preview":"max-video-preview:-1"},"canonical":"https:\/\/www.cma.be\/fr\/instructions-pour-prelevement-dechantillons\/","og_locale":"fr_FR","og_type":"article","og_title":"Instructions pour pr\u00e9l\u00e8vement d'\u00e9chantillons - CMA","og_description":"Uw staal moet voldoende kwalitatief zijn om correcte resultaten te verkrijgen. Volg daarom altijd zeer strikt de richtlijnen van uw arts.","og_url":"https:\/\/www.cma.be\/fr\/instructions-pour-prelevement-dechantillons\/","og_site_name":"CMA","article_publisher":"https:\/\/www.facebook.com\/medinacma\/","article_modified_time":"2025-06-05T07:39:14+00:00","twitter_card":"summary_large_image","schema":{"@context":"https:\/\/schema.org","@graph":[{"@type":"WebPage","@id":"https:\/\/www.cma.be\/fr\/instructions-pour-prelevement-dechantillons\/","url":"https:\/\/www.cma.be\/fr\/instructions-pour-prelevement-dechantillons\/","name":"Instructions pour pr\u00e9l\u00e8vement d'\u00e9chantillons - CMA","isPartOf":{"@id":"https:\/\/www.cma.be\/nl\/#website"},"datePublished":"2021-04-28T08:46:36+00:00","dateModified":"2025-06-05T07:39:14+00:00","description":"Uw staal moet voldoende kwalitatief zijn om correcte resultaten te verkrijgen. Volg daarom altijd zeer strikt de richtlijnen van uw arts.","breadcrumb":{"@id":"https:\/\/www.cma.be\/fr\/instructions-pour-prelevement-dechantillons\/#breadcrumb"},"inLanguage":"fr-FR","potentialAction":[{"@type":"ReadAction","target":["https:\/\/www.cma.be\/fr\/instructions-pour-prelevement-dechantillons\/"]}]},{"@type":"BreadcrumbList","@id":"https:\/\/www.cma.be\/fr\/instructions-pour-prelevement-dechantillons\/#breadcrumb","itemListElement":[{"@type":"ListItem","position":1,"name":"HOME","item":"https:\/\/www.cma.be\/fr\/"},{"@type":"ListItem","position":2,"name":"Instructions pour pr\u00e9l\u00e8vement d&#8217;\u00e9chantillons"}]},{"@type":"WebSite","@id":"https:\/\/www.cma.be\/nl\/#website","url":"https:\/\/www.cma.be\/nl\/","name":"CMA","description":"Medische analysen","publisher":{"@id":"https:\/\/www.cma.be\/nl\/#organization"},"potentialAction":[{"@type":"SearchAction","target":{"@type":"EntryPoint","urlTemplate":"https:\/\/www.cma.be\/nl\/?s={search_term_string}"},"query-input":{"@type":"PropertyValueSpecification","valueRequired":true,"valueName":"search_term_string"}}],"inLanguage":"fr-FR"},{"@type":"Organization","@id":"https:\/\/www.cma.be\/nl\/#organization","name":"Cma","url":"https:\/\/www.cma.be\/nl\/","logo":{"@type":"ImageObject","inLanguage":"fr-FR","@id":"https:\/\/www.cma.be\/nl\/#\/schema\/logo\/image\/","url":"https:\/\/www.cma.be\/wp-content\/uploads\/sites\/2\/2021\/03\/Logo-Cma.png","contentUrl":"https:\/\/www.cma.be\/wp-content\/uploads\/sites\/2\/2021\/03\/Logo-Cma.png","width":242,"height":101,"caption":"Cma"},"image":{"@id":"https:\/\/www.cma.be\/nl\/#\/schema\/logo\/image\/"},"sameAs":["https:\/\/www.facebook.com\/medinacma\/"]}]}},"_links":{"self":[{"href":"https:\/\/www.cma.be\/fr\/wp-json\/wp\/v2\/pages\/363","targetHints":{"allow":["GET"]}}],"collection":[{"href":"https:\/\/www.cma.be\/fr\/wp-json\/wp\/v2\/pages"}],"about":[{"href":"https:\/\/www.cma.be\/fr\/wp-json\/wp\/v2\/types\/page"}],"author":[{"embeddable":true,"href":"https:\/\/www.cma.be\/fr\/wp-json\/wp\/v2\/users\/1"}],"replies":[{"embeddable":true,"href":"https:\/\/www.cma.be\/fr\/wp-json\/wp\/v2\/comments?post=363"}],"version-history":[{"count":13,"href":"https:\/\/www.cma.be\/fr\/wp-json\/wp\/v2\/pages\/363\/revisions"}],"predecessor-version":[{"id":71033,"href":"https:\/\/www.cma.be\/fr\/wp-json\/wp\/v2\/pages\/363\/revisions\/71033"}],"wp:attachment":[{"href":"https:\/\/www.cma.be\/fr\/wp-json\/wp\/v2\/media?parent=363"}],"curies":[{"name":"wp","href":"https:\/\/api.w.org\/{rel}","templated":true}]}}