{"id":70966,"date":"2025-06-04T14:24:22","date_gmt":"2025-06-04T12:24:22","guid":{"rendered":"https:\/\/www.cma.be\/?page_id=70966"},"modified":"2025-06-05T09:18:34","modified_gmt":"2025-06-05T07:18:34","slug":"prelevement-d-urines","status":"publish","type":"page","link":"https:\/\/www.cma.be\/fr\/instructions-pour-prelevement-dechantillons\/prelevement-d-urines\/","title":{"rendered":"Pr\u00e9l\u00e8vement d&#8217;urines"},"content":{"rendered":"<div class=\"wpb-content-wrapper\"><p>[vc_row full_width=&#8221;stretch_row&#8221; css=&#8221;.vc_custom_1617182519699{padding-top: 10% !important;padding-bottom: 10% !important;background-image: url(https:\/\/www.medina.be\/wp-content\/uploads\/2022\/08\/urineafname.jpg?id=48908) !important;background-position: center !important;background-repeat: no-repeat !important;background-size: cover !important;}&#8221; el_class=&#8221;header-bg&#8221;][vc_column][\/vc_column][\/vc_row][vc_row][vc_column width=&#8221;1\/4&#8243; css=&#8221;.vc_custom_1613485674609{padding-top: 20px !important;}&#8221;][\/vc_column][vc_column width=&#8221;3\/4&#8243; css=&#8221;.vc_custom_1613485670954{padding-top: 20px !important;}&#8221;][vc_column_text css=&#8221;.vc_custom_1613487487375{margin-bottom: 20px !important;}&#8221;][show-breadcrumbs][\/vc_column_text][\/vc_column][\/vc_row][vc_row css=&#8221;.vc_custom_1736244022914{margin-bottom: 35px !important;padding-bottom: 4% !important;}&#8221;][vc_column width=&#8221;1\/4&#8243; css=&#8221;.vc_custom_1602583570375{padding-right: 15% !important;}&#8221;][vc_widget_sidebar sidebar_id=&#8221;sidebar-staalafname&#8221;][\/vc_column][vc_column width=&#8221;3\/4&#8243;][vc_row_inner][vc_column_inner][vc_custom_heading text=&#8221;PR\u00c9L\u00c8VEMENT D&#8217;URINES&#8221; font_container=&#8221;tag:h1|text_align:left&#8221; use_theme_fonts=&#8221;yes&#8221; css=&#8221;.vc_custom_1749107726726{margin-top: 12px !important;}&#8221;][\/vc_column_inner][\/vc_row_inner][vc_row_inner][vc_column_inner width=&#8221;1\/2&#8243;][vc_column_text css=&#8221;&#8221;]<\/p>\n<ul>\n<li><a href=\"#Pourquoi un examen de laboratoire ?\">Pourquoi un examen de laboratoire ?<\/a><\/li>\n<li><a href=\"#Instructions de pr\u00e9l\u00e8vement pour les femmes\">Instructions de pr\u00e9l\u00e8vement pour les femmes<\/a><\/li>\n<li><a href=\"#Instructions de pr\u00e9l\u00e8vement pour les hommes\">Instructions de pr\u00e9l\u00e8vement pour les hommes<\/a><\/li>\n<\/ul>\n<p>[\/vc_column_text][\/vc_column_inner][vc_column_inner width=&#8221;1\/2&#8243;][vc_column_text css=&#8221;&#8221;]<\/p>\n<ul>\n<li><a href=\"#Quelques points d'attention\">Quelques points d&#8217;attention<\/a><\/li>\n<li><a href=\"#Remise des \u00e9chantillons\">Remise des \u00e9chantillons<\/a><\/li>\n<li><a href=\"#R\u00e9sultats\">R\u00e9sultats<\/a><\/li>\n<\/ul>\n<p>[\/vc_column_text][\/vc_column_inner][\/vc_row_inner][vc_row_inner][vc_column_inner][vc_custom_heading text=&#8221;O\u00f9 puis-je m&#8217;adresser pour un examen d&#8217;urines ?&#8221; use_theme_fonts=&#8221;yes&#8221; css=&#8221;&#8221;][vc_column_text css=&#8221;&#8221; el_class=&#8221;list-plus&#8221;]Les analyses des urines et des selles, comme toutes les autres analyses de laboratoire, ne sont effectu\u00e9es que sur demande d\u2019un m\u00e9decin. Le pr\u00e9l\u00e8vement de l\u2019\u00e9chantillon se fait g\u00e9n\u00e9ralement \u00e0 domicile. Selon le type de test, votre m\u00e9decin vous remettra le mat\u00e9riel n\u00e9cessaire ou vous prescrira de le pr\u00e9lever en pharmacie.<\/p>\n<p>Apr\u00e8s le pr\u00e9l\u00e8vement, vous pouvez remettre l\u2019\u00e9chantillon au cabinet de votre m\u00e9decin, \u00e0 nos laboratoires ou \u00e0 nos centres de pr\u00e9l\u00e8vement sans rendez-vous.[\/vc_column_text][vc_single_image image=&#8221;5837&#8243; img_size=&#8221;full&#8221; css=&#8221;&#8221; el_class=&#8221;shadow&#8221;][\/vc_column_inner][\/vc_row_inner][vc_row_inner css=&#8221;.vc_custom_1749035294554{margin-top: -5% !important;}&#8221; el_id=&#8221;Pourquoi un examen de laboratoire ?&#8221;][vc_column_inner][vc_custom_heading text=&#8221;Pourquoi un examen de laboratoire ?&#8221; use_theme_fonts=&#8221;yes&#8221; css=&#8221;&#8221;][vc_column_text css=&#8221;&#8221; el_class=&#8221;list-plus&#8221;]Pour mieux comprendre votre \u00e9tat de sant\u00e9, votre m\u00e9decin traitant peut d\u00e9cider d\u2019effectuer un examen de laboratoire sur votre sang, vos urines ou vos selles. Tous ces examens peuvent \u00eatre effectu\u00e9s pour diff\u00e9rentes raisons :<\/p>\n<ul>\n<li>Diagnostic : identifier ou exclure des maladies<\/li>\n<li>Suivi : surveiller les probl\u00e8mes de sant\u00e9 et l\u2019efficacit\u00e9 des traitements<\/li>\n<li>Pr\u00e9vention : identification des facteurs de risque (par exemple, examen Fidlab)<\/li>\n<li>Information : d\u00e9termination du groupe sanguin, fonctionnement des organes, \u2026<\/li>\n<\/ul>\n<p>Le laboratoire n\u2019effectue que les analyses demand\u00e9es par un m\u00e9decin, \u00e9ventuellement apr\u00e8s concertation avec un biologiste clinique de notre laboratoire, peut d\u00e9cider de faire r\u00e9aliser des examens compl\u00e9mentaires.[\/vc_column_text][\/vc_column_inner][\/vc_row_inner][vc_row_inner el_class=&#8221;box&#8221; css=&#8221;.vc_custom_1736521415718{margin-top: -5% !important;}&#8221;][vc_column_inner][vc_custom_heading text=&#8221;Comment me pr\u00e9parer ?&#8221; use_theme_fonts=&#8221;yes&#8221; css=&#8221;&#8221;][vc_column_text css=&#8221;&#8221; el_class=&#8221;list-plus&#8221;]<\/p>\n<p data-start=\"48\" data-end=\"174\">Certaines analyses n\u00e9cessitent des instructions de pr\u00e9l\u00e8vement sp\u00e9cifiques. Vous trouverez ci-dessous les plus courantes :<\/p>\n<ul>\n<li data-start=\"176\" data-end=\"294\"><strong data-start=\"176\" data-end=\"195\">Coproporphyrine<\/strong> : les \u00e9chantillons destin\u00e9s \u00e0 l\u2019analyse de la coproporphyrine doivent \u00eatre prot\u00e9g\u00e9s de la lumi\u00e8re.<\/li>\n<\/ul>\n<p>Dans la plupart des cas, cependant, il n\u2019y a pas de <strong data-start=\"1429\" data-end=\"1518\">restrictions concernant l\u2019alimentation, les boissons ou la prise de m\u00e9dicaments<\/strong>.[\/vc_column_text][\/vc_column_inner][\/vc_row_inner][vc_row_inner css=&#8221;.vc_custom_1749035408806{margin-top: -1% !important;}&#8221; el_id=&#8221;Instructions de pr\u00e9l\u00e8vement pour les femmes&#8221;][vc_column_inner][vc_custom_heading text=&#8221;Pr\u00e9l\u00e8vement d&#8217;urines&#8221; use_theme_fonts=&#8221;yes&#8221; css=&#8221;&#8221;][vc_custom_heading text=&#8221;Femme&#8221; font_container=&#8221;tag:h3|text_align:left&#8221; use_theme_fonts=&#8221;yes&#8221; css=&#8221;&#8221;][\/vc_column_inner][\/vc_row_inner][vc_row_inner css=&#8221;.vc_custom_1736521420230{margin-top: -1% !important;}&#8221;][vc_column_inner width=&#8221;2\/4&#8243;][vc_column_text css=&#8221;&#8221;]<\/p>\n<ol>\n<li><strong>Lavez-vous les mains<\/strong>.<\/li>\n<li><strong>\u00c9cartez les l\u00e8vres g\u00e9nitales<\/strong>.<\/li>\n<li><strong>Nettoyez les parties g\u00e9nitales avec de l\u2019eau.<\/strong><\/li>\n<li><strong>S\u00e9chez de l\u2019avant \u00e0 l\u2019arri\u00e8re<\/strong> avec du papier hygi\u00e9nique.<\/li>\n<li>Videz <strong>la premi\u00e8re portion dans les toilettes<\/strong>.<\/li>\n<li><strong>Recueillez la deuxi\u00e8me portion dans le r\u00e9cipient<\/strong> sans interrompre le jet et sans toucher l\u2019int\u00e9rieur du r\u00e9cipient.<\/li>\n<li><strong>Videz la troisi\u00e8me portion<\/strong> dans les toilettes.<\/li>\n<li>Conservez l\u2019\u00e9chantillon au <strong>frais<\/strong> et remettez-le au laboratoire d\u00e8s que possible.<\/li>\n<\/ol>\n<p>[\/vc_column_text][\/vc_column_inner][vc_column_inner width=&#8221;1\/4&#8243;][vc_single_image image=&#8221;70968&#8243; css=&#8221;&#8221;][vc_single_image image=&#8221;70972&#8243; css=&#8221;&#8221;][vc_single_image image=&#8221;70976&#8243; css=&#8221;&#8221;][vc_single_image image=&#8221;70980&#8243; css=&#8221;&#8221;][\/vc_column_inner][vc_column_inner width=&#8221;1\/4&#8243;][vc_single_image image=&#8221;70970&#8243; css=&#8221;&#8221;][vc_single_image image=&#8221;70974&#8243; css=&#8221;&#8221;][vc_single_image image=&#8221;70978&#8243; css=&#8221;&#8221;][vc_single_image image=&#8221;71000&#8243; css=&#8221;&#8221;][\/vc_column_inner][\/vc_row_inner][vc_row_inner css=&#8221;.vc_custom_1749035458086{margin-top: -1% !important;}&#8221; el_id=&#8221;Instructions de pr\u00e9l\u00e8vement pour les hommes&#8221;][vc_column_inner][vc_custom_heading text=&#8221;Homme&#8221; font_container=&#8221;tag:h3|text_align:left&#8221; use_theme_fonts=&#8221;yes&#8221; css=&#8221;&#8221;][\/vc_column_inner][\/vc_row_inner][vc_row_inner css=&#8221;.vc_custom_1736521420230{margin-top: -1% !important;}&#8221;][vc_column_inner width=&#8221;1\/4&#8243;][vc_single_image image=&#8221;70968&#8243; css=&#8221;&#8221;][vc_single_image image=&#8221;70986&#8243; css=&#8221;&#8221;][vc_single_image image=&#8221;70992&#8243; css=&#8221;&#8221;][vc_single_image image=&#8221;70996&#8243; css=&#8221;&#8221;][\/vc_column_inner][vc_column_inner width=&#8221;1\/4&#8243;][vc_single_image image=&#8221;70984&#8243; css=&#8221;&#8221;][vc_single_image image=&#8221;70988&#8243; css=&#8221;&#8221;][vc_single_image image=&#8221;70994&#8243; css=&#8221;&#8221;][vc_single_image image=&#8221;71000&#8243; css=&#8221;&#8221;][\/vc_column_inner][vc_column_inner width=&#8221;2\/4&#8243;][vc_column_text css=&#8221;&#8221;]<\/p>\n<ol>\n<li><strong>Lavez-vous les mains<\/strong>.<\/li>\n<li><strong>Tirez le pr\u00e9puce vers l\u2019arri\u00e8re<\/strong>.<\/li>\n<li><strong>Nettoyez l\u2019extr\u00e9mit\u00e9 du p\u00e9nis avec de l\u2019eau<\/strong>.<\/li>\n<li><strong>S\u00e9chez-le avec du papier hygi\u00e9nique<\/strong>.<\/li>\n<li>Videz <strong>la premi\u00e8re portion dans les toilettes<\/strong>.<\/li>\n<li><strong>Recueillez la deuxi\u00e8me portion dans le r\u00e9cipient<\/strong> sans interrompre le jet et sans toucher l\u2019int\u00e9rieur du r\u00e9cipient.<\/li>\n<li><strong>Videz la troisi\u00e8me portion<\/strong> dans les toilettes.<\/li>\n<li>Conservez l\u2019\u00e9chantillon au r\u00e9frig\u00e9rateur et remettez-le au laboratoire d\u00e8s que possible.<\/li>\n<\/ol>\n<p>[\/vc_column_text][\/vc_column_inner][\/vc_row_inner][vc_row_inner css=&#8221;.vc_custom_1749035521756{margin-top: -5% !important;}&#8221; el_id=&#8221;Quelques points d&#8217;attention&#8221;][vc_column_inner][vc_custom_heading text=&#8221;Quelques points d&#8217;attention&#8221; use_theme_fonts=&#8221;yes&#8221; css=&#8221;&#8221;][vc_column_text css=&#8221;&#8221;]Afin d\u2019obtenir des r\u00e9sultats fiables, nous vous donnons quelques conseils :[\/vc_column_text][\/vc_column_inner][\/vc_row_inner][vc_row_inner css=&#8221;.vc_custom_1736521429064{margin-top: -5% !important;}&#8221;][vc_column_inner width=&#8221;1\/6&#8243;][vc_single_image image=&#8221;70939&#8243; alignment=&#8221;center&#8221; css=&#8221;.vc_custom_1749039842148{margin-right: -5% !important;}&#8221;][\/vc_column_inner][vc_column_inner width=&#8221;5\/6&#8243;][vc_column_text css=&#8221;.vc_custom_1749032255175{margin-left: -5% !important;}&#8221;]<strong>Identifiez votre \u00e9chantillon<br \/>\n<\/strong>N\u2019oubliez pas d\u2019\u00e9tiqueter l\u2019\u00e9chantillon avec vos coordonn\u00e9es ou un code-barres fourni.[\/vc_column_text][\/vc_column_inner][\/vc_row_inner][vc_row_inner css=&#8221;.vc_custom_1736521443850{margin-top: -5% !important;}&#8221;][vc_column_inner width=&#8221;1\/6&#8243;][vc_single_image image=&#8221;70945&#8243; alignment=&#8221;center&#8221; css=&#8221;.vc_custom_1749039849707{margin-right: -5% !important;}&#8221;][\/vc_column_inner][vc_column_inner width=&#8221;5\/6&#8243;][vc_column_text css=&#8221;.vc_custom_1749032270318{margin-left: -5% !important;}&#8221;]<strong>Remettez l\u2019\u00e9chantillon \u00e0 temps<br \/>\n<\/strong>Remettez l\u2019\u00e9chantillon \u00e0 votre m\u00e9decin ou au laboratoire au plus vite suivant le pr\u00e9l\u00e8vement (dans les 24 heures). En attendant, conservez le r\u00e9cipient au r\u00e9frig\u00e9rateur.[\/vc_column_text][\/vc_column_inner][\/vc_row_inner][vc_row_inner css=&#8221;.vc_custom_1749035570701{margin-top: -5% !important;}&#8221; el_id=&#8221;Remise des \u00e9chantillons&#8221;][vc_column_inner][vc_custom_heading text=&#8221;Comment remettre mon \u00e9chantillon au laboratoire ?&#8221; use_theme_fonts=&#8221;yes&#8221; css=&#8221;&#8221;][vc_column_text css=&#8221;&#8221; el_class=&#8221;list-plus&#8221;]<\/p>\n<ul>\n<li>Veillez \u00e0 ce que l\u2019\u00e9chantillon soit clairement identifi\u00e9 avec votre nom et votre num\u00e9ro de registre national, votre vignette de mutualit\u00e9 ou le code-barres fourni.<\/li>\n<li>Joignez l\u2019original du formulaire de demande \u00e0 l\u2019\u00e9chantillon dans un sachet (\u00e0 moins que votre m\u00e9decin ne l\u2019ait transmis sous forme num\u00e9rique).<\/li>\n<li>Remettez-le \u00e0 votre m\u00e9decin ou au laboratoire d\u00e8s que possible. Pour des r\u00e9sultats optimaux, l\u2019\u00e9chantillon ne doit pas dater de plus de 24 heures \u00e0 son arriv\u00e9e au laboratoire.<\/li>\n<li>Vous ne pouvez pas remettre l\u2019\u00e9chantillon imm\u00e9diatement ? Conservez-le bri\u00e8vement au r\u00e9frig\u00e9rateur \u00e0 une temp\u00e9rature comprise entre 2 et 8\u00b0C.<\/li>\n<\/ul>\n<p>[\/vc_column_text][\/vc_column_inner][\/vc_row_inner][vc_row_inner css=&#8221;.vc_custom_1749035598620{margin-top: -5% !important;}&#8221; el_id=&#8221;R\u00e9sultats&#8221;][vc_column_inner][vc_custom_heading text=&#8221;Comment recevoir mes r\u00e9sultats ?&#8221; use_theme_fonts=&#8221;yes&#8221; css=&#8221;&#8221;][vc_column_text css=&#8221;&#8221;]La plupart des r\u00e9sultats d\u2019un examen d\u2019urines ou de selles sont connus quelques jours apr\u00e8s leur arriv\u00e9e au laboratoire. Pour certaines analyses sp\u00e9cifiques, le d\u00e9lai pour conna\u00eetre le r\u00e9sultat peut \u00eatre plus long.<\/p>\n<p>Les r\u00e9sultats sont toujours communiqu\u00e9s au m\u00e9decin prescripteur. En cas de r\u00e9sultats urgents ou fortement abberants, le m\u00e9decin est imm\u00e9diatement inform\u00e9 par le laboratoire.<\/p>\n<p><strong>Vous souhaitez recevoir vos r\u00e9sultats vous-m\u00eame ?<\/strong><\/p>\n<p>Demandez \u00e0 votre m\u00e9decin de le mentionner sur votre formulaire de demande. Cela peut se faire par courrier ou gratuitement par e-mail s\u00e9curis\u00e9 (iPatient).<\/p>\n<p>D\u00e8s le deuxi\u00e8me jour apr\u00e8s le pr\u00e9l\u00e8vement vous pouvez consulter vous-m\u00eame vos r\u00e9sultats via la plateforme de soins de sant\u00e9 en ligne CoZo.<\/p>\n<p>Attention, pour une interpr\u00e9tation correcte de vos r\u00e9sultats, nous vous recommandons de toujours consulter votre m\u00e9decin traitant.[\/vc_column_text][vc_single_image image=&#8221;70947&#8243; img_size=&#8221;full&#8221; css=&#8221;&#8221; el_class=&#8221;shadow&#8221;][\/vc_column_inner][\/vc_row_inner][vc_row_inner disable_element=&#8221;yes&#8221; css=&#8221;.vc_custom_1736521387564{margin-bottom: 10px !important;}&#8221;][vc_column_inner][vc_custom_heading text=&#8221;AFNAME STOELGANG&#8221; font_container=&#8221;tag:h1|text_align:left&#8221; use_theme_fonts=&#8221;yes&#8221; css=&#8221;.vc_custom_1613493804895{margin-top: 12px !important;}&#8221;][vc_custom_heading text=&#8221;Laat tijdig uw stoelgang onderzoeken&#8221; use_theme_fonts=&#8221;yes&#8221;][vc_column_text el_class=&#8221;list-plus&#8221;]<strong>Ook uw stoelgang reflecteert uw gezondheid.<\/strong> Zo zal de kinderarts bijna altijd vragen naar de consistentie en de kleur van de stoelgang van kleine kinderen. Toch zijn sommige onderdelen van de stoelgang niet zichtbaar met het blote oog. Deze <strong>kunnen<\/strong> bijvoorbeeld <strong>schadelijke bacteri\u00ebn of parasieten bevatten.<\/strong>[\/vc_column_text][vc_single_image image=&#8221;1839&#8243; img_size=&#8221;full&#8221; el_class=&#8221;shadow&#8221;][vc_custom_heading text=&#8221;Bloed in de stoelgang?&#8221; use_theme_fonts=&#8221;yes&#8221;][vc_column_text el_class=&#8221;list-plus&#8221;]<\/p>\n<ul>\n<li><strong>Bevat uw stoelgang bloed zonder dat u dit ziet?<\/strong> Dat noemen we <strong>&#8216;occult bloed&#8217;<\/strong>. Uw arts kan dit wel opsporen via een stoelgangstaal. Door de beperkte stabiliteit van hemoglobine in de stoelgang, gebeurt de afname best in een <strong>geschikt\u00a0afnamerecipi\u00ebnt\u00a0met transportmedium.\u00a0<\/strong>\u202fHet medium waarin de stoelgang wordt opgelost, \u202fstabiliseert de eventueel aanwezige hemoglobine. Dit laat toe om het staal enkele dagen in de koelkast te bewaren zonder kwaliteitsverlies.<\/li>\n<li>Wat <strong>bloedverlies door darmkanker<\/strong> betreft, is \u00e9\u00e9n ding bewezen: een <strong>tijdige vaststelling verlaagt aanzienlijk de kans op sterfte<\/strong> door deze aandoening.<\/li>\n<\/ul>\n<p>[\/vc_column_text][\/vc_column_inner][\/vc_row_inner][vc_row_inner disable_element=&#8221;yes&#8221; el_class=&#8221;box&#8221;][vc_column_inner][vc_custom_heading text=&#8221;Testen bloedverlies in stoelgang&#8221; use_theme_fonts=&#8221;yes&#8221;][vc_column_text el_class=&#8221;list-plus&#8221;]<\/p>\n<ul>\n<li>Er bestaan <strong>twee testen<\/strong> om bloed in de stoelgang op te sporen. Bespreek met uw arts welke de meest aangewezen is voor u.<\/li>\n<li>Voor beide testen zal uw arts u vragen om de dag(en) van de staalafname geen Cardioaspirine in te nemen.<\/li>\n<\/ul>\n<p>[\/vc_column_text][\/vc_column_inner][\/vc_row_inner][\/vc_column][\/vc_row]<\/p>\n<\/div>","protected":false},"excerpt":{"rendered":"<p>[vc_row full_width=&#8221;stretch_row&#8221; css=&#8221;.vc_custom_1617182519699{padding-top: 10% !important;padding-bottom: 10% !important;background-image: url(https:\/\/www.medina.be\/wp-content\/uploads\/2022\/08\/urineafname.jpg?id=48908) !important;background-position: center !important;background-repeat: no-repeat !important;background-size: cover !important;}&#8221; el_class=&#8221;header-bg&#8221;][vc_column][\/vc_column][\/vc_row][vc_row][vc_column width=&#8221;1\/4&#8243; css=&#8221;.vc_custom_1613485674609{padding-top: 20px !important;}&#8221;][\/vc_column][vc_column width=&#8221;3\/4&#8243; css=&#8221;.vc_custom_1613485670954{padding-top: 20px !important;}&#8221;][vc_column_text css=&#8221;.vc_custom_1613487487375{margin-bottom: 20px<span class=\"excerpt-hellip\"> [\u2026]<\/span><\/p>\n","protected":false},"author":8430,"featured_media":0,"parent":363,"menu_order":23,"comment_status":"closed","ping_status":"closed","template":"","meta":{"_acf_changed":false,"footnotes":""},"class_list":["post-70966","page","type-page","status-publish","hentry"],"acf":[],"yoast_head":"<!-- This site is optimized with the Yoast SEO plugin v26.7 - https:\/\/yoast.com\/wordpress\/plugins\/seo\/ -->\n<title>Pr\u00e9l\u00e8vement d&#039;urines - CMA<\/title>\n<meta name=\"description\" content=\"Instructions pour le pr\u00e9l\u00e8vement des urines en milieu de jet chez les hommes et les femmes\" \/>\n<meta name=\"robots\" content=\"index, follow, max-snippet:-1, max-image-preview:large, max-video-preview:-1\" \/>\n<link rel=\"canonical\" href=\"https:\/\/www.cma.be\/fr\/instructions-pour-prelevement-dechantillons\/prelevement-d-urines\/\" \/>\n<meta property=\"og:locale\" content=\"fr_FR\" \/>\n<meta property=\"og:type\" content=\"article\" \/>\n<meta property=\"og:title\" content=\"Pr\u00e9l\u00e8vement d&#039;urines - CMA\" \/>\n<meta property=\"og:description\" content=\"Instructions pour le pr\u00e9l\u00e8vement des urines en milieu de jet chez les hommes et les femmes\" \/>\n<meta property=\"og:url\" content=\"https:\/\/www.cma.be\/fr\/instructions-pour-prelevement-dechantillons\/prelevement-d-urines\/\" \/>\n<meta property=\"og:site_name\" content=\"CMA\" \/>\n<meta property=\"article:publisher\" content=\"https:\/\/www.facebook.com\/medinacma\/\" \/>\n<meta property=\"article:modified_time\" content=\"2025-06-05T07:18:34+00:00\" \/>\n<meta name=\"twitter:card\" content=\"summary_large_image\" \/>\n<script type=\"application\/ld+json\" class=\"yoast-schema-graph\">{\"@context\":\"https:\/\/schema.org\",\"@graph\":[{\"@type\":\"WebPage\",\"@id\":\"https:\/\/www.cma.be\/fr\/instructions-pour-prelevement-dechantillons\/prelevement-d-urines\/\",\"url\":\"https:\/\/www.cma.be\/fr\/instructions-pour-prelevement-dechantillons\/prelevement-d-urines\/\",\"name\":\"Pr\u00e9l\u00e8vement d'urines - CMA\",\"isPartOf\":{\"@id\":\"https:\/\/www.cma.be\/nl\/#website\"},\"datePublished\":\"2025-06-04T12:24:22+00:00\",\"dateModified\":\"2025-06-05T07:18:34+00:00\",\"description\":\"Instructions pour le pr\u00e9l\u00e8vement des urines en milieu de jet chez les hommes et les femmes\",\"breadcrumb\":{\"@id\":\"https:\/\/www.cma.be\/fr\/instructions-pour-prelevement-dechantillons\/prelevement-d-urines\/#breadcrumb\"},\"inLanguage\":\"fr-FR\",\"potentialAction\":[{\"@type\":\"ReadAction\",\"target\":[\"https:\/\/www.cma.be\/fr\/instructions-pour-prelevement-dechantillons\/prelevement-d-urines\/\"]}]},{\"@type\":\"BreadcrumbList\",\"@id\":\"https:\/\/www.cma.be\/fr\/instructions-pour-prelevement-dechantillons\/prelevement-d-urines\/#breadcrumb\",\"itemListElement\":[{\"@type\":\"ListItem\",\"position\":1,\"name\":\"HOME\",\"item\":\"https:\/\/www.cma.be\/fr\/\"},{\"@type\":\"ListItem\",\"position\":2,\"name\":\"Instructions pour pr\u00e9l\u00e8vement d&#8217;\u00e9chantillons\",\"item\":\"https:\/\/www.cma.be\/fr\/instructions-pour-prelevement-dechantillons\/\"},{\"@type\":\"ListItem\",\"position\":3,\"name\":\"Pr\u00e9l\u00e8vement d&#8217;urines\"}]},{\"@type\":\"WebSite\",\"@id\":\"https:\/\/www.cma.be\/nl\/#website\",\"url\":\"https:\/\/www.cma.be\/nl\/\",\"name\":\"CMA\",\"description\":\"Medische analysen\",\"publisher\":{\"@id\":\"https:\/\/www.cma.be\/nl\/#organization\"},\"potentialAction\":[{\"@type\":\"SearchAction\",\"target\":{\"@type\":\"EntryPoint\",\"urlTemplate\":\"https:\/\/www.cma.be\/nl\/?s={search_term_string}\"},\"query-input\":{\"@type\":\"PropertyValueSpecification\",\"valueRequired\":true,\"valueName\":\"search_term_string\"}}],\"inLanguage\":\"fr-FR\"},{\"@type\":\"Organization\",\"@id\":\"https:\/\/www.cma.be\/nl\/#organization\",\"name\":\"Cma\",\"url\":\"https:\/\/www.cma.be\/nl\/\",\"logo\":{\"@type\":\"ImageObject\",\"inLanguage\":\"fr-FR\",\"@id\":\"https:\/\/www.cma.be\/nl\/#\/schema\/logo\/image\/\",\"url\":\"https:\/\/www.cma.be\/wp-content\/uploads\/sites\/2\/2021\/03\/Logo-Cma.png\",\"contentUrl\":\"https:\/\/www.cma.be\/wp-content\/uploads\/sites\/2\/2021\/03\/Logo-Cma.png\",\"width\":242,\"height\":101,\"caption\":\"Cma\"},\"image\":{\"@id\":\"https:\/\/www.cma.be\/nl\/#\/schema\/logo\/image\/\"},\"sameAs\":[\"https:\/\/www.facebook.com\/medinacma\/\"]}]}<\/script>\n<!-- \/ Yoast SEO plugin. -->","yoast_head_json":{"title":"Pr\u00e9l\u00e8vement d'urines - CMA","description":"Instructions pour le pr\u00e9l\u00e8vement des urines en milieu de jet chez les hommes et les femmes","robots":{"index":"index","follow":"follow","max-snippet":"max-snippet:-1","max-image-preview":"max-image-preview:large","max-video-preview":"max-video-preview:-1"},"canonical":"https:\/\/www.cma.be\/fr\/instructions-pour-prelevement-dechantillons\/prelevement-d-urines\/","og_locale":"fr_FR","og_type":"article","og_title":"Pr\u00e9l\u00e8vement d'urines - CMA","og_description":"Instructions pour le pr\u00e9l\u00e8vement des urines en milieu de jet chez les hommes et les femmes","og_url":"https:\/\/www.cma.be\/fr\/instructions-pour-prelevement-dechantillons\/prelevement-d-urines\/","og_site_name":"CMA","article_publisher":"https:\/\/www.facebook.com\/medinacma\/","article_modified_time":"2025-06-05T07:18:34+00:00","twitter_card":"summary_large_image","schema":{"@context":"https:\/\/schema.org","@graph":[{"@type":"WebPage","@id":"https:\/\/www.cma.be\/fr\/instructions-pour-prelevement-dechantillons\/prelevement-d-urines\/","url":"https:\/\/www.cma.be\/fr\/instructions-pour-prelevement-dechantillons\/prelevement-d-urines\/","name":"Pr\u00e9l\u00e8vement d'urines - CMA","isPartOf":{"@id":"https:\/\/www.cma.be\/nl\/#website"},"datePublished":"2025-06-04T12:24:22+00:00","dateModified":"2025-06-05T07:18:34+00:00","description":"Instructions pour le pr\u00e9l\u00e8vement des urines en milieu de jet chez les hommes et les femmes","breadcrumb":{"@id":"https:\/\/www.cma.be\/fr\/instructions-pour-prelevement-dechantillons\/prelevement-d-urines\/#breadcrumb"},"inLanguage":"fr-FR","potentialAction":[{"@type":"ReadAction","target":["https:\/\/www.cma.be\/fr\/instructions-pour-prelevement-dechantillons\/prelevement-d-urines\/"]}]},{"@type":"BreadcrumbList","@id":"https:\/\/www.cma.be\/fr\/instructions-pour-prelevement-dechantillons\/prelevement-d-urines\/#breadcrumb","itemListElement":[{"@type":"ListItem","position":1,"name":"HOME","item":"https:\/\/www.cma.be\/fr\/"},{"@type":"ListItem","position":2,"name":"Instructions pour pr\u00e9l\u00e8vement d&#8217;\u00e9chantillons","item":"https:\/\/www.cma.be\/fr\/instructions-pour-prelevement-dechantillons\/"},{"@type":"ListItem","position":3,"name":"Pr\u00e9l\u00e8vement d&#8217;urines"}]},{"@type":"WebSite","@id":"https:\/\/www.cma.be\/nl\/#website","url":"https:\/\/www.cma.be\/nl\/","name":"CMA","description":"Medische analysen","publisher":{"@id":"https:\/\/www.cma.be\/nl\/#organization"},"potentialAction":[{"@type":"SearchAction","target":{"@type":"EntryPoint","urlTemplate":"https:\/\/www.cma.be\/nl\/?s={search_term_string}"},"query-input":{"@type":"PropertyValueSpecification","valueRequired":true,"valueName":"search_term_string"}}],"inLanguage":"fr-FR"},{"@type":"Organization","@id":"https:\/\/www.cma.be\/nl\/#organization","name":"Cma","url":"https:\/\/www.cma.be\/nl\/","logo":{"@type":"ImageObject","inLanguage":"fr-FR","@id":"https:\/\/www.cma.be\/nl\/#\/schema\/logo\/image\/","url":"https:\/\/www.cma.be\/wp-content\/uploads\/sites\/2\/2021\/03\/Logo-Cma.png","contentUrl":"https:\/\/www.cma.be\/wp-content\/uploads\/sites\/2\/2021\/03\/Logo-Cma.png","width":242,"height":101,"caption":"Cma"},"image":{"@id":"https:\/\/www.cma.be\/nl\/#\/schema\/logo\/image\/"},"sameAs":["https:\/\/www.facebook.com\/medinacma\/"]}]}},"_links":{"self":[{"href":"https:\/\/www.cma.be\/fr\/wp-json\/wp\/v2\/pages\/70966","targetHints":{"allow":["GET"]}}],"collection":[{"href":"https:\/\/www.cma.be\/fr\/wp-json\/wp\/v2\/pages"}],"about":[{"href":"https:\/\/www.cma.be\/fr\/wp-json\/wp\/v2\/types\/page"}],"author":[{"embeddable":true,"href":"https:\/\/www.cma.be\/fr\/wp-json\/wp\/v2\/users\/8430"}],"replies":[{"embeddable":true,"href":"https:\/\/www.cma.be\/fr\/wp-json\/wp\/v2\/comments?post=70966"}],"version-history":[{"count":4,"href":"https:\/\/www.cma.be\/fr\/wp-json\/wp\/v2\/pages\/70966\/revisions"}],"predecessor-version":[{"id":71027,"href":"https:\/\/www.cma.be\/fr\/wp-json\/wp\/v2\/pages\/70966\/revisions\/71027"}],"up":[{"embeddable":true,"href":"https:\/\/www.cma.be\/fr\/wp-json\/wp\/v2\/pages\/363"}],"wp:attachment":[{"href":"https:\/\/www.cma.be\/fr\/wp-json\/wp\/v2\/media?parent=70966"}],"curies":[{"name":"wp","href":"https:\/\/api.w.org\/{rel}","templated":true}]}}